{"id":5167,"date":"2020-11-17T10:35:59","date_gmt":"2020-11-17T10:35:59","guid":{"rendered":"https:\/\/detandheelkundehoek.nl\/?page_id=5167"},"modified":"2020-11-17T10:35:59","modified_gmt":"2020-11-17T10:35:59","slug":"mondhygienist","status":"publish","type":"page","link":"https:\/\/utest4us4.nl\/index.php\/mondhygienist\/","title":{"rendered":"Mondhygi\u00ebnist"},"content":{"rendered":"\n<div class=\"wp-block-kadence-rowlayout alignnone\"><div id=\"kt-layout-id_abe2d6-2b\" class=\"kt-row-layout-inner kt-layout-id_abe2d6-2b\"><div class=\"kt-row-column-wrap kt-has-1-columns kt-gutter-default kt-v-gutter-default kt-row-valign-top kt-row-layout-equal kt-tab-layout-inherit kt-m-colapse-left-to-right kt-mobile-layout-row kb-theme-content-width\">\n<div class=\"wp-block-kadence-column inner-column-1 kadence-column_8c1530-9e\"><div class=\"kt-inside-inner-col\">\n<p>Een mondhygi\u00ebnist richt zich op preventie en mondverzorging, om zo gaatjes en tandvleesaandoeningen te voorkomen \u00e9n te verhelpen.<br>Welke handelingen voert een mondhygi\u00ebnist uit?<\/p>\n\n\n\n<ul class=\"wp-block-list\"><li>Advies en voorlichting geven over het onderhouden van uw gebit, tandvleesaandoeningen en voedingsgewoonten<\/li><li>Verwijderen van tandsteen, tandplak en aanslag<\/li><li>De conditie van uw tandvlees in kaart brengen<\/li><li>Aanbrengen van fluoride<\/li><li>Sealen van tanden en kiezen (om gaatjes te voorkomen kunnen de groefjes en putjes in tanden en kiezen opgevuld worden met een fissuurlak)<\/li><li>Polijsten van vullingen<\/li><li>Reinigen van worteloppervlakken onder het tandvlees<\/li><li>Gebitsafdrukken maken<\/li><li>Behandelen van gaatjes (in opdracht van de tandarts)<\/li><li>Lokale verdoving geven (in opdracht van de tandarts)<\/li><li>R\u00f6ntgenfoto\u2019s maken (in opdracht en onder toezicht van de tandarts)<\/li><\/ul>\n\n\n\n<p>U kunt rechtstreeks bij de mondhygi\u00ebnist terecht voor uw mondverzorging, het voorkomen van tandbederf (cari\u00ebs of gaatjes) en tandvleesaandoeningen<\/p>\n<\/div><\/div>\n<\/div><\/div><\/div>\n\n\n\n<div class=\"wp-block-kadence-rowlayout alignnone\"><div id=\"kt-layout-id_3562df-9a\" class=\"kt-row-layout-inner kt-layout-id_3562df-9a\"><div class=\"kt-row-column-wrap kt-has-1-columns kt-gutter-default kt-v-gutter-default kt-row-valign-top kt-row-layout-equal kt-tab-layout-inherit kt-m-colapse-left-to-right kt-mobile-layout-row kb-theme-content-width\">\n<div class=\"wp-block-kadence-column inner-column-1 kadence-column_161e55-f3\"><div class=\"kt-inside-inner-col\"><p>[tlpteam id=&#8221;5171&#8243; title=&#8221;MONDHYGI\u00cbNIST&#8221;]<\/p>\n<\/div><\/div>\n<\/div><\/div><\/div>\n","protected":false},"excerpt":{"rendered":"","protected":false},"author":1,"featured_media":0,"parent":0,"menu_order":0,"comment_status":"closed","ping_status":"closed","template":"","meta":{"footnotes":""},"class_list":["post-5167","page","type-page","status-publish","hentry"],"blocksy_meta":[],"_links":{"self":[{"href":"https:\/\/utest4us4.nl\/index.php\/wp-json\/wp\/v2\/pages\/5167","targetHints":{"allow":["GET"]}}],"collection":[{"href":"https:\/\/utest4us4.nl\/index.php\/wp-json\/wp\/v2\/pages"}],"about":[{"href":"https:\/\/utest4us4.nl\/index.php\/wp-json\/wp\/v2\/types\/page"}],"author":[{"embeddable":true,"href":"https:\/\/utest4us4.nl\/index.php\/wp-json\/wp\/v2\/users\/1"}],"replies":[{"embeddable":true,"href":"https:\/\/utest4us4.nl\/index.php\/wp-json\/wp\/v2\/comments?post=5167"}],"version-history":[{"count":0,"href":"https:\/\/utest4us4.nl\/index.php\/wp-json\/wp\/v2\/pages\/5167\/revisions"}],"wp:attachment":[{"href":"https:\/\/utest4us4.nl\/index.php\/wp-json\/wp\/v2\/media?parent=5167"}],"curies":[{"name":"wp","href":"https:\/\/api.w.org\/{rel}","templated":true}]}}